{"id":455,"date":"2020-10-23T10:21:22","date_gmt":"2020-10-23T08:21:59","guid":{"rendered":"https:\/\/neu.glatt.com\/?page_id=455"},"modified":"2024-04-22T15:38:04","modified_gmt":"2024-04-22T13:38:04","slug":"pelletieren-per-spruehgranulation","status":"publish","type":"page","link":"https:\/\/www.glatt.com\/de\/technologien\/pelletierung\/pelletieren-per-spruehgranulation\/","title":{"rendered":"Pelletieren per Spr\u00fchgranulation"},"content":{"rendered":"<div id='av_section_1'  class='avia-section av-t2nd3-a9bc4522e52a245331a088dd431cab09 main_color avia-section-default avia-no-border-styling  avia-builder-el-0  avia-builder-el-no-sibling  avia-bg-style-scroll container_wrap fullsize'  ><div class='container av-section-cont-open' ><main  role=\"main\" itemprop=\"mainContentOfPage\"  class='template-page content  av-content-full alpha units'><div class='post-entry post-entry-type-page post-entry-455'><div class='entry-content-wrapper clearfix'>\n\n<style type=\"text\/css\" data-created_by=\"avia_inline_auto\" id=\"style-css-av-j01cn-bfab9018401423bb29d97ce30aaad5ae\">\n.flex_column.av-j01cn-bfab9018401423bb29d97ce30aaad5ae{\nborder-radius:0px 0px 0px 0px;\npadding:0px 0px 0px 0px;\n}\n<\/style>\n<div  class='flex_column av-j01cn-bfab9018401423bb29d97ce30aaad5ae av_one_full  avia-builder-el-1  el_before_av_one_half  avia-builder-el-first  first flex_column_div av-zero-column-padding  '     ><section  class='av_textblock_section av-kh366itq-d03a8305a30ce588394b0f24cb55a481 '   itemscope=\"itemscope\" itemtype=\"https:\/\/schema.org\/CreativeWork\" ><div class='avia_textblock'  itemprop=\"text\" ><h1>Pelletieren per Spr\u00fchgranulation \u2013 f\u00fcr kompakte, staubfreie, abriebstabile Pellets<\/h1>\n<\/div><\/section><\/div>\n<style type=\"text\/css\" data-created_by=\"avia_inline_auto\" id=\"style-css-av-3vr6n-2ca883d51bab742a48a0cc7665a95f7f\">\n.flex_column.av-3vr6n-2ca883d51bab742a48a0cc7665a95f7f{\nborder-radius:0px 0px 0px 0px;\npadding:0px 0px 0px 0px;\n}\n<\/style>\n<div  class='flex_column av-3vr6n-2ca883d51bab742a48a0cc7665a95f7f av_one_half  avia-builder-el-3  el_after_av_one_full  el_before_av_one_half  first flex_column_div av-zero-column-padding  column-top-margin'     ><section  class='av_textblock_section av-kh36ma78-0083099da23b2124456ad07ba3823ff0 '   itemscope=\"itemscope\" itemtype=\"https:\/\/schema.org\/CreativeWork\" ><div class='avia_textblock'  itemprop=\"text\" ><h2>Bei diesem Pelletierungs-Verfahren entstehen per Spr\u00fchgranulation in der Wirbelschicht spezielle sph\u00e4rische Granulate aus Fl\u00fcssigkeiten.<\/h2>\n<p>In unseren Wirbelschichtanlagen stellen wir diese sph\u00e4rischen Granulate im ChargenBatch- oder Konti-Betrieb her. Wir erreichen eine besonders enge Korngr\u00f6\u00dfenverteilung und die ausgezeichnete Rundheit der Pellets, indem wir den Pelletaustrag durch Windsichtung laufend kontrollieren. Das Ergebnis: kompakte, staubfreie und abriebstabile Pellets.<\/p>\n<h2>Welche Pelletgr\u00f6\u00dfe und welchen Wirkstoffgehalt streben Sie an?<\/h2>\n<p>Mit der Pelletierung per Sp\u00fchgranulation in der Wirbelschicht (MicroPX) stellen wir auch Mikropellets her, die 100 bis 400 Mikrometer gro\u00df sind; der Wirkstoffgehalt betr\u00e4gt bis zu 95 Prozent.<\/p>\n<\/div><\/section><\/div>\n<style type=\"text\/css\" data-created_by=\"avia_inline_auto\" id=\"style-css-av-fy3sf-8d6892a0248e8172e51ea97430bead0d\">\n.flex_column.av-fy3sf-8d6892a0248e8172e51ea97430bead0d{\nborder-radius:0px 0px 0px 0px;\npadding:0px 0px 0px 0px;\n}\n<\/style>\n<div  class='flex_column av-fy3sf-8d6892a0248e8172e51ea97430bead0d av_one_half  avia-builder-el-5  el_after_av_one_half  el_before_av_one_half  flex_column_div av-zero-column-padding  column-top-margin'     ><style type=\"text\/css\" data-created_by=\"avia_inline_auto\" id=\"style-css-av-agf9z-3efa655a2a7cedfa752df97c15805266\">\n.avia-image-container.av-agf9z-3efa655a2a7cedfa752df97c15805266 img.avia_image{\nbox-shadow:none;\n}\n.avia-image-container.av-agf9z-3efa655a2a7cedfa752df97c15805266 .av-image-caption-overlay-center{\ncolor:#ffffff;\n}\n<\/style>\n<div  class='avia-image-container av-agf9z-3efa655a2a7cedfa752df97c15805266 av-styling- avia-align-center  avia-builder-el-6  avia-builder-el-no-sibling '   itemprop=\"image\" itemscope=\"itemscope\" itemtype=\"https:\/\/schema.org\/ImageObject\" ><div class=\"avia-image-container-inner\"><div class=\"avia-image-overlay-wrap\"><img decoding=\"async\" fetchpriority=\"high\" class='wp-image-2454 avia-img-lazy-loading-not-2454 avia_image ' src=\"https:\/\/www.glatt.com\/wp-content\/uploads\/2020\/11\/Glatt_Verfahren_Spruehgranulation_Slider_800x406_de_01.jpg\" alt='' title='Glatt_Verfahren_Spruehgranulation_Slider_800x406_de_01'  height=\"406\" width=\"800\"  itemprop=\"thumbnailUrl\" srcset=\"https:\/\/www.glatt.com\/wp-content\/uploads\/2020\/11\/Glatt_Verfahren_Spruehgranulation_Slider_800x406_de_01.jpg 800w, https:\/\/www.glatt.com\/wp-content\/uploads\/2020\/11\/Glatt_Verfahren_Spruehgranulation_Slider_800x406_de_01-300x152.jpg 300w, https:\/\/www.glatt.com\/wp-content\/uploads\/2020\/11\/Glatt_Verfahren_Spruehgranulation_Slider_800x406_de_01-768x390.jpg 768w, https:\/\/www.glatt.com\/wp-content\/uploads\/2020\/11\/Glatt_Verfahren_Spruehgranulation_Slider_800x406_de_01-705x358.jpg 705w\" sizes=\"(max-width: 800px) 100vw, 800px\" \/><\/div><\/div><\/div><\/div>\n<style type=\"text\/css\" data-created_by=\"avia_inline_auto\" id=\"style-css-av-1sustj-d8928ecd4216de619bec14dd9e83c0d1\">\n.flex_column.av-1sustj-d8928ecd4216de619bec14dd9e83c0d1{\nborder-radius:0px 0px 0px 0px;\npadding:0px 0px 0px 0px;\n}\n<\/style>\n<div  class='flex_column av-1sustj-d8928ecd4216de619bec14dd9e83c0d1 av_one_half  avia-builder-el-7  el_after_av_one_half  el_before_av_one_half  first flex_column_div av-zero-column-padding  column-top-margin'     ><section  class='av_textblock_section av-1ijib3-3b9ca49af3c1d5bf8bd922dabba5338f '   itemscope=\"itemscope\" itemtype=\"https:\/\/schema.org\/CreativeWork\" ><div class='avia_textblock'  itemprop=\"text\" ><h2>Top Spray Granulation<\/h2>\n<h3>in der Wirbelschicht<\/h3>\n<\/div><\/section><br \/>\n<div class=\"avia-video av-lvb05h3t-0a46113ad735cd6432888149378be6aa avia-video-16-9 av-no-preview-image avia-video-load-always av-lazyload-immediate av-lazyload-video-embed\" style=\"\" itemprop=\"video\" itemtype=\"https:\/\/schema.org\/VideoObject\" data-original_url=\"https:\/\/www.youtube.com\/watch?v=CICJGx0QNPs\"><div class=\"BorlabsCookie _brlbs-cb-youtube\"><div class=\"_brlbs-content-blocker\"> <div class=\"_brlbs-embed _brlbs-video-youtube\"> <img decoding=\"async\" class=\"_brlbs-thumbnail\" src=\"https:\/\/www.glatt.com\/wp-content\/plugins\/borlabs-cookie\/assets\/images\/cb-no-thumbnail.png\" alt=\"YouTube\"> <div class=\"_brlbs-caption\"> <p>Mit dem Laden des Videos akzeptieren Sie die Datenschutzerkl\u00e4rung von YouTube.<br><a href=\"https:\/\/policies.google.com\/privacy\" target=\"_blank\" rel=\"nofollow noopener noreferrer\">Mehr erfahren<\/a><\/p> <p><a class=\"_brlbs-btn _brlbs-icon-play-white\" href=\"#\" data-borlabs-cookie-unblock role=\"button\">Video laden<\/a><\/p> <p><label><input type=\"checkbox\" name=\"unblockAll\" value=\"1\" checked> <small>YouTube immer entsperren<\/small><\/label><\/p> <\/div> <\/div> <\/div><div class=\"borlabs-hide\" data-borlabs-cookie-type=\"content-blocker\" data-borlabs-cookie-id=\"youtube\"><script type=\"text\/template\">PGRpdiBjbGFzcz0nYXZpYS1pZnJhbWUtd3JhcCc+PGlmcmFtZSB0aXRsZT0iR2xhdHQgQ29udGludW91cyBHcmFudWxhdGlvbiBhbmQgQ29hdGluZyBieSBGbHVpZGl6ZWQgQmVkIiB3aWR0aD0iMTUwMCIgaGVpZ2h0PSI4NDQiIHNyYz0iaHR0cHM6Ly93d3cueW91dHViZS1ub2Nvb2tpZS5jb20vZW1iZWQvQ0lDSkd4MFFOUHM\/ZmVhdHVyZT1vZW1iZWQiIGZyYW1lYm9yZGVyPSIwIiBhbGxvdz0iYWNjZWxlcm9tZXRlcjsgYXV0b3BsYXk7IGNsaXBib2FyZC13cml0ZTsgZW5jcnlwdGVkLW1lZGlhOyBneXJvc2NvcGU7IHBpY3R1cmUtaW4tcGljdHVyZTsgd2ViLXNoYXJlIiByZWZlcnJlcnBvbGljeT0ic3RyaWN0LW9yaWdpbi13aGVuLWNyb3NzLW9yaWdpbiIgYWxsb3dmdWxsc2NyZWVuPjwvaWZyYW1lPjwvZGl2Pg==<\/script><\/div><\/div><\/div><\/p><\/div>\n<style type=\"text\/css\" data-created_by=\"avia_inline_auto\" id=\"style-css-av-1dwfl-bb38b0e6df480560c2cfa78820c5e5fa\">\n.flex_column.av-1dwfl-bb38b0e6df480560c2cfa78820c5e5fa{\nborder-radius:0px 0px 0px 0px;\npadding:0px 0px 0px 0px;\n}\n<\/style>\n<div  class='flex_column av-1dwfl-bb38b0e6df480560c2cfa78820c5e5fa av_one_half  avia-builder-el-10  el_after_av_one_half  el_before_av_one_half  flex_column_div av-zero-column-padding  column-top-margin'     ><section  class='av_textblock_section av-19pr9j-8521c4ba40e169dafe74c3f945542c1a '   itemscope=\"itemscope\" itemtype=\"https:\/\/schema.org\/CreativeWork\" ><div class='avia_textblock'  itemprop=\"text\" ><h3>Dar\u00fcber hinaus bieten wir Ihnen diese Pelletier-Verfahren an:<\/h3>\n<\/div><\/section><br \/>\n<div  class='avia-button-wrap av-llnysd2c-33bc94eb8b584e5eff69f25c42e48013-wrap avia-button-center  avia-builder-el-12  el_after_av_textblock  el_before_av_button '><a href=\"https:\/\/www.glatt.com\/de\/technologien\/pelletierung\/extrusion-sphaeronisation\/\" class=\"avia-button av-llnysd2c-33bc94eb8b584e5eff69f25c42e48013 av-link-btn avia-icon_select-no avia-size-small avia-position-center avia-color-theme-color\" aria-label=\"Extrusion und Sph\u00e4ronisation\"><span class='avia_iconbox_title' >Extrusion und Sph\u00e4ronisation<\/span><\/a><\/div><br \/>\n<div  class='avia-button-wrap av-10tuaf-e0dd49c884acfbfd112c64679acc7957-wrap avia-button-center  avia-builder-el-13  el_after_av_button  el_before_av_button '><a href=\"https:\/\/www.glatt.com\/de\/technologien\/pelletierung\/layering\/\" class=\"avia-button av-10tuaf-e0dd49c884acfbfd112c64679acc7957 av-link-btn avia-icon_select-no avia-size-small avia-position-center avia-color-theme-color\" aria-label=\"Layering\"><span class='avia_iconbox_title' >Layering<\/span><\/a><\/div><br \/>\n<div  class='avia-button-wrap av-vhh4v-f4c8c3764b0d046d9a15170db4c18a0b-wrap avia-button-center  avia-builder-el-14  el_after_av_button  avia-builder-el-last '><a href=\"https:\/\/www.glatt.com\/de\/technologien\/pelletierung\/direktpelletierung\/\" class=\"avia-button av-vhh4v-f4c8c3764b0d046d9a15170db4c18a0b av-link-btn avia-icon_select-no avia-size-small avia-position-center avia-color-theme-color\" aria-label=\"Direktpelletierung\"><span class='avia_iconbox_title' >Direktpelletierung<\/span><\/a><\/div><\/p><\/div>\n<style type=\"text\/css\" data-created_by=\"avia_inline_auto\" id=\"style-css-av-2mquf-cb75b52f91aae83ce6196bcc1e0c3464\">\n.flex_column.av-2mquf-cb75b52f91aae83ce6196bcc1e0c3464{\nborder-radius:0px 0px 0px 0px;\npadding:0px 0px 0px 0px;\n}\n<\/style>\n<div  class='flex_column av-2mquf-cb75b52f91aae83ce6196bcc1e0c3464 av_one_half  avia-builder-el-15  el_after_av_one_half  el_before_av_one_half  first flex_column_div av-zero-column-padding  column-top-margin'     ><section  class='av_textblock_section av-mez9z-0246941c29e682eccdfaeeaa008b18a2 '   itemscope=\"itemscope\" itemtype=\"https:\/\/schema.org\/CreativeWork\" ><div class='avia_textblock'  itemprop=\"text\" ><h3>Unsere Anlagen zur Pelletierung Ihrer Produkte:<\/h3>\n<\/div><\/section><br \/>\n<div  class='avia-button-wrap av-eso9z-63425887f141ad947d8dae299d39cfba-wrap avia-button-center  avia-builder-el-17  el_after_av_textblock  avia-builder-el-last '><a href=\"https:\/\/www.glatt.com\/de\/produkte\/extruder-pelletierer\/\" class=\"avia-button av-eso9z-63425887f141ad947d8dae299d39cfba av-link-btn avia-icon_select-no avia-size-small avia-position-center avia-color-theme-color\" aria-label=\"Extruder und Pelletierer\"><span class='avia_iconbox_title' >Extruder und Pelletierer<\/span><\/a><\/div><\/p><\/div>\n<style type=\"text\/css\" data-created_by=\"avia_inline_auto\" id=\"style-css-av-7r0bz-af83db6e62a00e417578e0afd48945d3\">\n.flex_column.av-7r0bz-af83db6e62a00e417578e0afd48945d3{\nborder-radius:0px 0px 0px 0px;\npadding:0px 0px 0px 0px;\n}\n<\/style>\n<div  class='flex_column av-7r0bz-af83db6e62a00e417578e0afd48945d3 av_one_half  avia-builder-el-18  el_after_av_one_half  avia-builder-el-last  flex_column_div av-zero-column-padding  column-top-margin'     ><\/div>\n","protected":false},"excerpt":{"rendered":"","protected":false},"author":7,"featured_media":0,"parent":154,"menu_order":2,"comment_status":"closed","ping_status":"closed","template":"","meta":{"_acf_changed":false,"inline_featured_image":false,"footnotes":""},"categories":[],"tags":[],"class_list":["post-455","page","type-page","status-publish","hentry"],"acf":[],"_links":{"self":[{"href":"https:\/\/www.glatt.com\/de\/wp-json\/wp\/v2\/pages\/455","targetHints":{"allow":["GET"]}}],"collection":[{"href":"https:\/\/www.glatt.com\/de\/wp-json\/wp\/v2\/pages"}],"about":[{"href":"https:\/\/www.glatt.com\/de\/wp-json\/wp\/v2\/types\/page"}],"author":[{"embeddable":true,"href":"https:\/\/www.glatt.com\/de\/wp-json\/wp\/v2\/users\/7"}],"replies":[{"embeddable":true,"href":"https:\/\/www.glatt.com\/de\/wp-json\/wp\/v2\/comments?post=455"}],"version-history":[{"count":2,"href":"https:\/\/www.glatt.com\/de\/wp-json\/wp\/v2\/pages\/455\/revisions"}],"predecessor-version":[{"id":27334,"href":"https:\/\/www.glatt.com\/de\/wp-json\/wp\/v2\/pages\/455\/revisions\/27334"}],"up":[{"embeddable":true,"href":"https:\/\/www.glatt.com\/de\/wp-json\/wp\/v2\/pages\/154"}],"wp:attachment":[{"href":"https:\/\/www.glatt.com\/de\/wp-json\/wp\/v2\/media?parent=455"}],"wp:term":[{"taxonomy":"category","embeddable":true,"href":"https:\/\/www.glatt.com\/de\/wp-json\/wp\/v2\/categories?post=455"},{"taxonomy":"post_tag","embeddable":true,"href":"https:\/\/www.glatt.com\/de\/wp-json\/wp\/v2\/tags?post=455"}],"curies":[{"name":"wp","href":"https:\/\/api.w.org\/{rel}","templated":true}]}}